{"id":42,"date":"2023-04-04T13:22:52","date_gmt":"2023-04-04T13:22:52","guid":{"rendered":"https:\/\/construtorasanpaoli.com.br\/?page_id=42"},"modified":"2023-04-12T22:08:50","modified_gmt":"2023-04-12T22:08:50","slug":"empresa","status":"publish","type":"page","link":"https:\/\/construtorasanpaoli.com.br\/index.php\/empresa\/","title":{"rendered":""},"content":{"rendered":"\n<figure class=\"wp-block-image size-full is-style-default\"><img decoding=\"async\" loading=\"lazy\" width=\"253\" height=\"150\" src=\"https:\/\/construtorasanpaoli.com.br\/wp-content\/uploads\/2023\/04\/Logotipo-San-Paoli-Branco.png\" alt=\"\" class=\"wp-image-37\"\/><\/figure>\n\n\n\n<p><strong>Valores<\/strong><\/p>\n\n\n\n<ul>\n<li>Foco em resultados positivos<\/li>\n\n\n\n<li>A melhor solu\u00e7\u00e3o para o problema<\/li>\n\n\n\n<li>Uso da tecnologia mais inovadora<\/li>\n\n\n\n<li>Aprendizado cont\u00ednuo<\/li>\n<\/ul>\n\n\n\n<p><strong>Neg\u00f3cio<\/strong><\/p>\n\n\n\n<ul>\n<li>Solu\u00e7\u00f5es em Tecnologias da informa\u00e7\u00e3o associadas ao planejamento e a gest\u00e3o de corpora\u00e7\u00f5es.<\/li>\n\n\n\n<li>Constru\u00e7\u00e3o de im\u00f3veis utilizando projetos auto-sustent\u00e1veis e modernos.<\/li>\n\n\n\n<li>Oferecer loca\u00e7\u00e3o de m\u00f3veis e im\u00f3veis a pre\u00e7os justos e manuten\u00e7\u00e3o adequada.<\/li>\n<\/ul>\n\n\n\n<p><strong>Miss\u00e3o<\/strong><\/p>\n\n\n\n<ul>\n<li>Ser a melhor op\u00e7\u00e3o do mercado ao unir o ambiente imobili\u00e1rio ao de gest\u00e3o das corpora\u00e7\u00f5es, focando na inova\u00e7\u00e3o.<\/li>\n<\/ul>\n\n\n\n<p><strong>\u00c9tica Concorrencial<\/strong><\/p>\n\n\n\n<ul>\n<li>Oferecer pre\u00e7o justos e equilibrados.<\/li>\n\n\n\n<li>Rapidez em atender a solu\u00e7\u00e3o de problemas.<\/li>\n\n\n\n<li>Jamais quebrar contratos por causa pr\u00f3pria.<\/li>\n\n\n\n<li>Seguir o ordenamento jur\u00eddico do Brasil.<\/li>\n\n\n\n<li>Respeitar as diferen\u00e7as entre as pessoas.<\/li>\n\n\n\n<li>Cuidar do meio ambiente \u00e9 essencial.<\/li>\n<\/ul>\n\n\n\n<p><\/p>\n","protected":false},"excerpt":{"rendered":"<p>Valores Neg\u00f3cio Miss\u00e3o \u00c9tica Concorrencial<\/p>\n","protected":false},"author":1,"featured_media":0,"parent":0,"menu_order":0,"comment_status":"closed","ping_status":"closed","template":"","meta":[],"_links":{"self":[{"href":"https:\/\/construtorasanpaoli.com.br\/index.php\/wp-json\/wp\/v2\/pages\/42"}],"collection":[{"href":"https:\/\/construtorasanpaoli.com.br\/index.php\/wp-json\/wp\/v2\/pages"}],"about":[{"href":"https:\/\/construtorasanpaoli.com.br\/index.php\/wp-json\/wp\/v2\/types\/page"}],"author":[{"embeddable":true,"href":"https:\/\/construtorasanpaoli.com.br\/index.php\/wp-json\/wp\/v2\/users\/1"}],"replies":[{"embeddable":true,"href":"https:\/\/construtorasanpaoli.com.br\/index.php\/wp-json\/wp\/v2\/comments?post=42"}],"version-history":[{"count":5,"href":"https:\/\/construtorasanpaoli.com.br\/index.php\/wp-json\/wp\/v2\/pages\/42\/revisions"}],"predecessor-version":[{"id":255,"href":"https:\/\/construtorasanpaoli.com.br\/index.php\/wp-json\/wp\/v2\/pages\/42\/revisions\/255"}],"wp:attachment":[{"href":"https:\/\/construtorasanpaoli.com.br\/index.php\/wp-json\/wp\/v2\/media?parent=42"}],"curies":[{"name":"wp","href":"https:\/\/api.w.org\/{rel}","templated":true}]}}