{"id":21,"date":"2023-04-03T21:05:00","date_gmt":"2023-04-03T21:05:00","guid":{"rendered":"https:\/\/construtorasanpaoli.com.br\/index.php\/elementor-plugin\/"},"modified":"2023-04-05T22:19:23","modified_gmt":"2023-04-05T22:19:23","slug":"locacao-imobiliaria","status":"publish","type":"page","link":"https:\/\/construtorasanpaoli.com.br\/index.php\/locacao-imobiliaria\/","title":{"rendered":"Constru\u00e7\u00e3o e Loca\u00e7\u00e3o de Pr\u00e9dios Comerciais e Residenciais"},"content":{"rendered":"<p>Constru\u00e7\u00e3o de im\u00f3veis pr\u00f3prios, com incorpora\u00e7\u00e3o para venda e loca\u00e7\u00e3o, de unidades residenciais e comerciais.<\/p>\n","protected":false},"excerpt":{"rendered":"<p>Constru\u00e7\u00e3o de im\u00f3veis pr\u00f3prios, com incorpora\u00e7\u00e3o para venda e loca\u00e7\u00e3o, de unidades residenciais e comerciais.<\/p>\n","protected":false},"author":1,"featured_media":0,"parent":0,"menu_order":0,"comment_status":"closed","ping_status":"closed","template":"","meta":[],"_links":{"self":[{"href":"https:\/\/construtorasanpaoli.com.br\/index.php\/wp-json\/wp\/v2\/pages\/21"}],"collection":[{"href":"https:\/\/construtorasanpaoli.com.br\/index.php\/wp-json\/wp\/v2\/pages"}],"about":[{"href":"https:\/\/construtorasanpaoli.com.br\/index.php\/wp-json\/wp\/v2\/types\/page"}],"author":[{"embeddable":true,"href":"https:\/\/construtorasanpaoli.com.br\/index.php\/wp-json\/wp\/v2\/users\/1"}],"replies":[{"embeddable":true,"href":"https:\/\/construtorasanpaoli.com.br\/index.php\/wp-json\/wp\/v2\/comments?post=21"}],"version-history":[{"count":2,"href":"https:\/\/construtorasanpaoli.com.br\/index.php\/wp-json\/wp\/v2\/pages\/21\/revisions"}],"predecessor-version":[{"id":99,"href":"https:\/\/construtorasanpaoli.com.br\/index.php\/wp-json\/wp\/v2\/pages\/21\/revisions\/99"}],"wp:attachment":[{"href":"https:\/\/construtorasanpaoli.com.br\/index.php\/wp-json\/wp\/v2\/media?parent=21"}],"curies":[{"name":"wp","href":"https:\/\/api.w.org\/{rel}","templated":true}]}}